{"id":15031,"date":"2022-01-25T15:16:00","date_gmt":"2022-01-25T14:16:00","guid":{"rendered":"https:\/\/naturmuseum.ae-webdesign.com\/ausstellungen-aktuelles\/angebot-veranstaltungen\/kinder-familien\/winterwoche-2\/"},"modified":"2025-12-03T13:13:07","modified_gmt":"2025-12-03T12:13:07","slug":"nacht-im-museum","status":"publish","type":"page","link":"https:\/\/www.natura.museum\/de\/ausstellungen-aktuelles\/angebot-veranstaltungen\/kinder-familien\/nacht-im-museum\/","title":{"rendered":"Nachts im Museum"},"content":{"rendered":"","protected":false},"excerpt":{"rendered":"","protected":false},"author":1,"featured_media":0,"parent":14805,"menu_order":3,"comment_status":"closed","ping_status":"closed","template":"detail2.php","meta":{"_acf_changed":false,"footnotes":""},"class_list":["post-15031","page","type-page","status-publish","hentry"],"acf":[],"yoast_head":"<!-- This site is optimized with the Yoast SEO plugin v27.5 - https:\/\/yoast.com\/product\/yoast-seo-wordpress\/ -->\n<title>Nachts im Museum - Naturmuseum S\u00fcdtirol<\/title>\n<meta name=\"description\" content=\"Erlebe einen spannenden Sommer im Naturmuseum. F\u00fcr alle Kinder im Grundschulalter, die Lust haben mehr \u00fcber die Natur zu erfahren!\" \/>\n<meta name=\"robots\" content=\"index, follow, max-snippet:-1, max-image-preview:large, max-video-preview:-1\" \/>\n<link rel=\"canonical\" href=\"https:\/\/www.natura.museum\/de\/ausstellungen-aktuelles\/angebot-veranstaltungen\/kinder-familien\/nacht-im-museum\/\" \/>\n<meta property=\"og:locale\" content=\"de_DE\" \/>\n<meta property=\"og:type\" content=\"article\" \/>\n<meta property=\"og:title\" content=\"Nachts im Museum - Naturmuseum S\u00fcdtirol\" \/>\n<meta property=\"og:description\" content=\"Erlebe einen spannenden Sommer im Naturmuseum. F\u00fcr alle Kinder im Grundschulalter, die Lust haben mehr \u00fcber die Natur zu erfahren!\" \/>\n<meta property=\"og:url\" content=\"https:\/\/www.natura.museum\/de\/ausstellungen-aktuelles\/angebot-veranstaltungen\/kinder-familien\/nacht-im-museum\/\" \/>\n<meta property=\"og:site_name\" content=\"Naturmuseum S\u00fcdtirol\" \/>\n<meta property=\"article:modified_time\" content=\"2025-12-03T12:13:07+00:00\" \/>\n<meta name=\"twitter:card\" content=\"summary_large_image\" \/>\n<script type=\"application\/ld+json\" class=\"yoast-schema-graph\">{\"@context\":\"https:\\\/\\\/schema.org\",\"@graph\":[{\"@type\":\"WebPage\",\"@id\":\"https:\\\/\\\/www.natura.museum\\\/de\\\/ausstellungen-aktuelles\\\/angebot-veranstaltungen\\\/kinder-familien\\\/nacht-im-museum\\\/\",\"url\":\"https:\\\/\\\/www.natura.museum\\\/de\\\/ausstellungen-aktuelles\\\/angebot-veranstaltungen\\\/kinder-familien\\\/nacht-im-museum\\\/\",\"name\":\"Nachts im Museum - Naturmuseum S\u00fcdtirol\",\"isPartOf\":{\"@id\":\"https:\\\/\\\/www.natura.museum\\\/de\\\/#website\"},\"datePublished\":\"2022-01-25T14:16:00+00:00\",\"dateModified\":\"2025-12-03T12:13:07+00:00\",\"description\":\"Erlebe einen spannenden Sommer im Naturmuseum. F\u00fcr alle Kinder im Grundschulalter, die Lust haben mehr \u00fcber die Natur zu erfahren!\",\"breadcrumb\":{\"@id\":\"https:\\\/\\\/www.natura.museum\\\/de\\\/ausstellungen-aktuelles\\\/angebot-veranstaltungen\\\/kinder-familien\\\/nacht-im-museum\\\/#breadcrumb\"},\"inLanguage\":\"de\",\"potentialAction\":[{\"@type\":\"ReadAction\",\"target\":[\"https:\\\/\\\/www.natura.museum\\\/de\\\/ausstellungen-aktuelles\\\/angebot-veranstaltungen\\\/kinder-familien\\\/nacht-im-museum\\\/\"]}]},{\"@type\":\"BreadcrumbList\",\"@id\":\"https:\\\/\\\/www.natura.museum\\\/de\\\/ausstellungen-aktuelles\\\/angebot-veranstaltungen\\\/kinder-familien\\\/nacht-im-museum\\\/#breadcrumb\",\"itemListElement\":[{\"@type\":\"ListItem\",\"position\":1,\"name\":\"Home\",\"item\":\"https:\\\/\\\/www.natura.museum\\\/de\\\/\"},{\"@type\":\"ListItem\",\"position\":2,\"name\":\"Im Museum\",\"item\":\"https:\\\/\\\/www.natura.museum\\\/de\\\/ausstellungen-aktuelles\\\/\"},{\"@type\":\"ListItem\",\"position\":3,\"name\":\"Angebot, Veranstaltungen &#038; Tagungen\",\"item\":\"https:\\\/\\\/www.natura.museum\\\/de\\\/ausstellungen-aktuelles\\\/angebot-veranstaltungen\\\/\"},{\"@type\":\"ListItem\",\"position\":4,\"name\":\"Kinder &#038; Familien\",\"item\":\"https:\\\/\\\/www.natura.museum\\\/de\\\/ausstellungen-aktuelles\\\/angebot-veranstaltungen\\\/kinder-familien\\\/\"},{\"@type\":\"ListItem\",\"position\":5,\"name\":\"Nachts im Museum\"}]},{\"@type\":\"WebSite\",\"@id\":\"https:\\\/\\\/www.natura.museum\\\/de\\\/#website\",\"url\":\"https:\\\/\\\/www.natura.museum\\\/de\\\/\",\"name\":\"Naturmuseum S\u00fcdtirol\",\"description\":\"Naturmuseum S\u00fcdtirol\",\"potentialAction\":[{\"@type\":\"SearchAction\",\"target\":{\"@type\":\"EntryPoint\",\"urlTemplate\":\"https:\\\/\\\/www.natura.museum\\\/de\\\/?s={search_term_string}\"},\"query-input\":{\"@type\":\"PropertyValueSpecification\",\"valueRequired\":true,\"valueName\":\"search_term_string\"}}],\"inLanguage\":\"de\"}]}<\/script>\n<!-- \/ Yoast SEO plugin. -->","yoast_head_json":{"title":"Nachts im Museum - Naturmuseum S\u00fcdtirol","description":"Erlebe einen spannenden Sommer im Naturmuseum. F\u00fcr alle Kinder im Grundschulalter, die Lust haben mehr \u00fcber die Natur zu erfahren!","robots":{"index":"index","follow":"follow","max-snippet":"max-snippet:-1","max-image-preview":"max-image-preview:large","max-video-preview":"max-video-preview:-1"},"canonical":"https:\/\/www.natura.museum\/de\/ausstellungen-aktuelles\/angebot-veranstaltungen\/kinder-familien\/nacht-im-museum\/","og_locale":"de_DE","og_type":"article","og_title":"Nachts im Museum - Naturmuseum S\u00fcdtirol","og_description":"Erlebe einen spannenden Sommer im Naturmuseum. F\u00fcr alle Kinder im Grundschulalter, die Lust haben mehr \u00fcber die Natur zu erfahren!","og_url":"https:\/\/www.natura.museum\/de\/ausstellungen-aktuelles\/angebot-veranstaltungen\/kinder-familien\/nacht-im-museum\/","og_site_name":"Naturmuseum S\u00fcdtirol","article_modified_time":"2025-12-03T12:13:07+00:00","twitter_card":"summary_large_image","schema":{"@context":"https:\/\/schema.org","@graph":[{"@type":"WebPage","@id":"https:\/\/www.natura.museum\/de\/ausstellungen-aktuelles\/angebot-veranstaltungen\/kinder-familien\/nacht-im-museum\/","url":"https:\/\/www.natura.museum\/de\/ausstellungen-aktuelles\/angebot-veranstaltungen\/kinder-familien\/nacht-im-museum\/","name":"Nachts im Museum - Naturmuseum S\u00fcdtirol","isPartOf":{"@id":"https:\/\/www.natura.museum\/de\/#website"},"datePublished":"2022-01-25T14:16:00+00:00","dateModified":"2025-12-03T12:13:07+00:00","description":"Erlebe einen spannenden Sommer im Naturmuseum. F\u00fcr alle Kinder im Grundschulalter, die Lust haben mehr \u00fcber die Natur zu erfahren!","breadcrumb":{"@id":"https:\/\/www.natura.museum\/de\/ausstellungen-aktuelles\/angebot-veranstaltungen\/kinder-familien\/nacht-im-museum\/#breadcrumb"},"inLanguage":"de","potentialAction":[{"@type":"ReadAction","target":["https:\/\/www.natura.museum\/de\/ausstellungen-aktuelles\/angebot-veranstaltungen\/kinder-familien\/nacht-im-museum\/"]}]},{"@type":"BreadcrumbList","@id":"https:\/\/www.natura.museum\/de\/ausstellungen-aktuelles\/angebot-veranstaltungen\/kinder-familien\/nacht-im-museum\/#breadcrumb","itemListElement":[{"@type":"ListItem","position":1,"name":"Home","item":"https:\/\/www.natura.museum\/de\/"},{"@type":"ListItem","position":2,"name":"Im Museum","item":"https:\/\/www.natura.museum\/de\/ausstellungen-aktuelles\/"},{"@type":"ListItem","position":3,"name":"Angebot, Veranstaltungen &#038; Tagungen","item":"https:\/\/www.natura.museum\/de\/ausstellungen-aktuelles\/angebot-veranstaltungen\/"},{"@type":"ListItem","position":4,"name":"Kinder &#038; Familien","item":"https:\/\/www.natura.museum\/de\/ausstellungen-aktuelles\/angebot-veranstaltungen\/kinder-familien\/"},{"@type":"ListItem","position":5,"name":"Nachts im Museum"}]},{"@type":"WebSite","@id":"https:\/\/www.natura.museum\/de\/#website","url":"https:\/\/www.natura.museum\/de\/","name":"Naturmuseum S\u00fcdtirol","description":"Naturmuseum S\u00fcdtirol","potentialAction":[{"@type":"SearchAction","target":{"@type":"EntryPoint","urlTemplate":"https:\/\/www.natura.museum\/de\/?s={search_term_string}"},"query-input":{"@type":"PropertyValueSpecification","valueRequired":true,"valueName":"search_term_string"}}],"inLanguage":"de"}]}},"_links":{"self":[{"href":"https:\/\/www.natura.museum\/de\/wp-json\/wp\/v2\/pages\/15031","targetHints":{"allow":["GET"]}}],"collection":[{"href":"https:\/\/www.natura.museum\/de\/wp-json\/wp\/v2\/pages"}],"about":[{"href":"https:\/\/www.natura.museum\/de\/wp-json\/wp\/v2\/types\/page"}],"author":[{"embeddable":true,"href":"https:\/\/www.natura.museum\/de\/wp-json\/wp\/v2\/users\/1"}],"replies":[{"embeddable":true,"href":"https:\/\/www.natura.museum\/de\/wp-json\/wp\/v2\/comments?post=15031"}],"version-history":[{"count":40,"href":"https:\/\/www.natura.museum\/de\/wp-json\/wp\/v2\/pages\/15031\/revisions"}],"predecessor-version":[{"id":101646,"href":"https:\/\/www.natura.museum\/de\/wp-json\/wp\/v2\/pages\/15031\/revisions\/101646"}],"up":[{"embeddable":true,"href":"https:\/\/www.natura.museum\/de\/wp-json\/wp\/v2\/pages\/14805"}],"wp:attachment":[{"href":"https:\/\/www.natura.museum\/de\/wp-json\/wp\/v2\/media?parent=15031"}],"curies":[{"name":"wp","href":"https:\/\/api.w.org\/{rel}","templated":true}]}}