{"id":200,"date":"2019-08-26T09:44:17","date_gmt":"2019-08-26T07:44:17","guid":{"rendered":"http:\/\/naturkundemuseum.test\/veranstaltungen\/"},"modified":"2022-01-19T10:00:30","modified_gmt":"2022-01-19T09:00:30","slug":"veranstaltungen","status":"publish","type":"page","link":"https:\/\/www.natura.museum\/de\/ausstellungen-aktuelles\/angebot-veranstaltungen\/veranstaltungen\/","title":{"rendered":"Veranstaltungskalender"},"content":{"rendered":"","protected":false},"excerpt":{"rendered":"","protected":false},"author":1,"featured_media":0,"parent":14759,"menu_order":0,"comment_status":"closed","ping_status":"closed","template":"veranstaltungen.php","meta":{"_acf_changed":false,"footnotes":""},"class_list":["post-200","page","type-page","status-publish","hentry"],"acf":[],"yoast_head":"<!-- This site is optimized with the Yoast SEO plugin v27.4 - https:\/\/yoast.com\/product\/yoast-seo-wordpress\/ -->\n<title>Veranstaltungskalender - Naturmuseum S\u00fcdtirol<\/title>\n<meta name=\"description\" content=\"Hier findest du alle aktuellen Veranstaltungen des Naturmuseum S\u00fcdtirol. Von Vortr\u00e4gen \u00fcber Workshops ist f\u00fcr Jung und Alt das richtige mit dabei.\" \/>\n<meta name=\"robots\" content=\"index, follow, max-snippet:-1, max-image-preview:large, max-video-preview:-1\" \/>\n<link rel=\"canonical\" href=\"https:\/\/www.natura.museum\/de\/ausstellungen-aktuelles\/angebot-veranstaltungen\/veranstaltungen\/\" \/>\n<meta property=\"og:locale\" content=\"de_DE\" \/>\n<meta property=\"og:type\" content=\"article\" \/>\n<meta property=\"og:title\" content=\"Veranstaltungskalender - Naturmuseum S\u00fcdtirol\" \/>\n<meta property=\"og:description\" content=\"Hier findest du alle aktuellen Veranstaltungen des Naturmuseum S\u00fcdtirol. Von Vortr\u00e4gen \u00fcber Workshops ist f\u00fcr Jung und Alt das richtige mit dabei.\" \/>\n<meta property=\"og:url\" content=\"https:\/\/www.natura.museum\/de\/ausstellungen-aktuelles\/angebot-veranstaltungen\/veranstaltungen\/\" \/>\n<meta property=\"og:site_name\" content=\"Naturmuseum S\u00fcdtirol\" \/>\n<meta property=\"article:modified_time\" content=\"2022-01-19T09:00:30+00:00\" \/>\n<meta name=\"twitter:card\" content=\"summary_large_image\" \/>\n<script type=\"application\/ld+json\" class=\"yoast-schema-graph\">{\"@context\":\"https:\\\/\\\/schema.org\",\"@graph\":[{\"@type\":\"WebPage\",\"@id\":\"https:\\\/\\\/www.natura.museum\\\/de\\\/ausstellungen-aktuelles\\\/angebot-veranstaltungen\\\/veranstaltungen\\\/\",\"url\":\"https:\\\/\\\/www.natura.museum\\\/de\\\/ausstellungen-aktuelles\\\/angebot-veranstaltungen\\\/veranstaltungen\\\/\",\"name\":\"Veranstaltungskalender - Naturmuseum S\u00fcdtirol\",\"isPartOf\":{\"@id\":\"https:\\\/\\\/www.natura.museum\\\/de\\\/#website\"},\"datePublished\":\"2019-08-26T07:44:17+00:00\",\"dateModified\":\"2022-01-19T09:00:30+00:00\",\"description\":\"Hier findest du alle aktuellen Veranstaltungen des Naturmuseum S\u00fcdtirol. Von Vortr\u00e4gen \u00fcber Workshops ist f\u00fcr Jung und Alt das richtige mit dabei.\",\"breadcrumb\":{\"@id\":\"https:\\\/\\\/www.natura.museum\\\/de\\\/ausstellungen-aktuelles\\\/angebot-veranstaltungen\\\/veranstaltungen\\\/#breadcrumb\"},\"inLanguage\":\"de\",\"potentialAction\":[{\"@type\":\"ReadAction\",\"target\":[\"https:\\\/\\\/www.natura.museum\\\/de\\\/ausstellungen-aktuelles\\\/angebot-veranstaltungen\\\/veranstaltungen\\\/\"]}]},{\"@type\":\"BreadcrumbList\",\"@id\":\"https:\\\/\\\/www.natura.museum\\\/de\\\/ausstellungen-aktuelles\\\/angebot-veranstaltungen\\\/veranstaltungen\\\/#breadcrumb\",\"itemListElement\":[{\"@type\":\"ListItem\",\"position\":1,\"name\":\"Home\",\"item\":\"https:\\\/\\\/www.natura.museum\\\/de\\\/\"},{\"@type\":\"ListItem\",\"position\":2,\"name\":\"Im Museum\",\"item\":\"https:\\\/\\\/www.natura.museum\\\/de\\\/ausstellungen-aktuelles\\\/\"},{\"@type\":\"ListItem\",\"position\":3,\"name\":\"Angebot, Veranstaltungen &#038; Tagungen\",\"item\":\"https:\\\/\\\/www.natura.museum\\\/de\\\/ausstellungen-aktuelles\\\/angebot-veranstaltungen\\\/\"},{\"@type\":\"ListItem\",\"position\":4,\"name\":\"Veranstaltungskalender\"}]},{\"@type\":\"WebSite\",\"@id\":\"https:\\\/\\\/www.natura.museum\\\/de\\\/#website\",\"url\":\"https:\\\/\\\/www.natura.museum\\\/de\\\/\",\"name\":\"Naturmuseum S\u00fcdtirol\",\"description\":\"Naturmuseum S\u00fcdtirol\",\"potentialAction\":[{\"@type\":\"SearchAction\",\"target\":{\"@type\":\"EntryPoint\",\"urlTemplate\":\"https:\\\/\\\/www.natura.museum\\\/de\\\/?s={search_term_string}\"},\"query-input\":{\"@type\":\"PropertyValueSpecification\",\"valueRequired\":true,\"valueName\":\"search_term_string\"}}],\"inLanguage\":\"de\"}]}<\/script>\n<!-- \/ Yoast SEO plugin. -->","yoast_head_json":{"title":"Veranstaltungskalender - Naturmuseum S\u00fcdtirol","description":"Hier findest du alle aktuellen Veranstaltungen des Naturmuseum S\u00fcdtirol. Von Vortr\u00e4gen \u00fcber Workshops ist f\u00fcr Jung und Alt das richtige mit dabei.","robots":{"index":"index","follow":"follow","max-snippet":"max-snippet:-1","max-image-preview":"max-image-preview:large","max-video-preview":"max-video-preview:-1"},"canonical":"https:\/\/www.natura.museum\/de\/ausstellungen-aktuelles\/angebot-veranstaltungen\/veranstaltungen\/","og_locale":"de_DE","og_type":"article","og_title":"Veranstaltungskalender - Naturmuseum S\u00fcdtirol","og_description":"Hier findest du alle aktuellen Veranstaltungen des Naturmuseum S\u00fcdtirol. Von Vortr\u00e4gen \u00fcber Workshops ist f\u00fcr Jung und Alt das richtige mit dabei.","og_url":"https:\/\/www.natura.museum\/de\/ausstellungen-aktuelles\/angebot-veranstaltungen\/veranstaltungen\/","og_site_name":"Naturmuseum S\u00fcdtirol","article_modified_time":"2022-01-19T09:00:30+00:00","twitter_card":"summary_large_image","schema":{"@context":"https:\/\/schema.org","@graph":[{"@type":"WebPage","@id":"https:\/\/www.natura.museum\/de\/ausstellungen-aktuelles\/angebot-veranstaltungen\/veranstaltungen\/","url":"https:\/\/www.natura.museum\/de\/ausstellungen-aktuelles\/angebot-veranstaltungen\/veranstaltungen\/","name":"Veranstaltungskalender - Naturmuseum S\u00fcdtirol","isPartOf":{"@id":"https:\/\/www.natura.museum\/de\/#website"},"datePublished":"2019-08-26T07:44:17+00:00","dateModified":"2022-01-19T09:00:30+00:00","description":"Hier findest du alle aktuellen Veranstaltungen des Naturmuseum S\u00fcdtirol. Von Vortr\u00e4gen \u00fcber Workshops ist f\u00fcr Jung und Alt das richtige mit dabei.","breadcrumb":{"@id":"https:\/\/www.natura.museum\/de\/ausstellungen-aktuelles\/angebot-veranstaltungen\/veranstaltungen\/#breadcrumb"},"inLanguage":"de","potentialAction":[{"@type":"ReadAction","target":["https:\/\/www.natura.museum\/de\/ausstellungen-aktuelles\/angebot-veranstaltungen\/veranstaltungen\/"]}]},{"@type":"BreadcrumbList","@id":"https:\/\/www.natura.museum\/de\/ausstellungen-aktuelles\/angebot-veranstaltungen\/veranstaltungen\/#breadcrumb","itemListElement":[{"@type":"ListItem","position":1,"name":"Home","item":"https:\/\/www.natura.museum\/de\/"},{"@type":"ListItem","position":2,"name":"Im Museum","item":"https:\/\/www.natura.museum\/de\/ausstellungen-aktuelles\/"},{"@type":"ListItem","position":3,"name":"Angebot, Veranstaltungen &#038; Tagungen","item":"https:\/\/www.natura.museum\/de\/ausstellungen-aktuelles\/angebot-veranstaltungen\/"},{"@type":"ListItem","position":4,"name":"Veranstaltungskalender"}]},{"@type":"WebSite","@id":"https:\/\/www.natura.museum\/de\/#website","url":"https:\/\/www.natura.museum\/de\/","name":"Naturmuseum S\u00fcdtirol","description":"Naturmuseum S\u00fcdtirol","potentialAction":[{"@type":"SearchAction","target":{"@type":"EntryPoint","urlTemplate":"https:\/\/www.natura.museum\/de\/?s={search_term_string}"},"query-input":{"@type":"PropertyValueSpecification","valueRequired":true,"valueName":"search_term_string"}}],"inLanguage":"de"}]}},"_links":{"self":[{"href":"https:\/\/www.natura.museum\/de\/wp-json\/wp\/v2\/pages\/200","targetHints":{"allow":["GET"]}}],"collection":[{"href":"https:\/\/www.natura.museum\/de\/wp-json\/wp\/v2\/pages"}],"about":[{"href":"https:\/\/www.natura.museum\/de\/wp-json\/wp\/v2\/types\/page"}],"author":[{"embeddable":true,"href":"https:\/\/www.natura.museum\/de\/wp-json\/wp\/v2\/users\/1"}],"replies":[{"embeddable":true,"href":"https:\/\/www.natura.museum\/de\/wp-json\/wp\/v2\/comments?post=200"}],"version-history":[{"count":7,"href":"https:\/\/www.natura.museum\/de\/wp-json\/wp\/v2\/pages\/200\/revisions"}],"predecessor-version":[{"id":11374,"href":"https:\/\/www.natura.museum\/de\/wp-json\/wp\/v2\/pages\/200\/revisions\/11374"}],"up":[{"embeddable":true,"href":"https:\/\/www.natura.museum\/de\/wp-json\/wp\/v2\/pages\/14759"}],"wp:attachment":[{"href":"https:\/\/www.natura.museum\/de\/wp-json\/wp\/v2\/media?parent=200"}],"curies":[{"name":"wp","href":"https:\/\/api.w.org\/{rel}","templated":true}]}}