{"id":209,"date":"2019-08-26T09:46:46","date_gmt":"2019-08-26T07:46:46","guid":{"rendered":"http:\/\/naturkundemuseum.test\/technische-ausstattung\/"},"modified":"2024-01-15T14:41:38","modified_gmt":"2024-01-15T13:41:38","slug":"infrastruktur","status":"publish","type":"page","link":"https:\/\/www.natura.museum\/de\/forschung\/infrastruktur\/","title":{"rendered":"Infrastruktur"},"content":{"rendered":"","protected":false},"excerpt":{"rendered":"","protected":false},"author":1,"featured_media":0,"parent":14,"menu_order":4,"comment_status":"closed","ping_status":"closed","template":"technischeaustattung.php","meta":{"_acf_changed":false,"footnotes":""},"class_list":["post-209","page","type-page","status-publish","hentry"],"acf":[],"yoast_head":"<!-- This site is optimized with the Yoast SEO plugin v27.3 - https:\/\/yoast.com\/product\/yoast-seo-wordpress\/ -->\n<title>Infrastruktur - Naturmuseum S\u00fcdtirol<\/title>\n<meta name=\"description\" content=\"Die Bibliothek, die Sammlungsr\u00e4ume, die Werkstatt, das Labor und das Pr\u00e4paratorium des Naturmuseum S\u00fcdtirol.\" \/>\n<meta name=\"robots\" content=\"index, follow, max-snippet:-1, max-image-preview:large, max-video-preview:-1\" \/>\n<link rel=\"canonical\" href=\"https:\/\/www.natura.museum\/de\/forschung\/infrastruktur\/\" \/>\n<meta property=\"og:locale\" content=\"de_DE\" \/>\n<meta property=\"og:type\" content=\"article\" \/>\n<meta property=\"og:title\" content=\"Infrastruktur - Naturmuseum S\u00fcdtirol\" \/>\n<meta property=\"og:description\" content=\"Die Bibliothek, die Sammlungsr\u00e4ume, die Werkstatt, das Labor und das Pr\u00e4paratorium des Naturmuseum S\u00fcdtirol.\" \/>\n<meta property=\"og:url\" content=\"https:\/\/www.natura.museum\/de\/forschung\/infrastruktur\/\" \/>\n<meta property=\"og:site_name\" content=\"Naturmuseum S\u00fcdtirol\" \/>\n<meta property=\"article:modified_time\" content=\"2024-01-15T13:41:38+00:00\" \/>\n<meta name=\"twitter:card\" content=\"summary_large_image\" \/>\n<script type=\"application\/ld+json\" class=\"yoast-schema-graph\">{\"@context\":\"https:\\\/\\\/schema.org\",\"@graph\":[{\"@type\":\"WebPage\",\"@id\":\"https:\\\/\\\/www.natura.museum\\\/de\\\/forschung\\\/infrastruktur\\\/\",\"url\":\"https:\\\/\\\/www.natura.museum\\\/de\\\/forschung\\\/infrastruktur\\\/\",\"name\":\"Infrastruktur - Naturmuseum S\u00fcdtirol\",\"isPartOf\":{\"@id\":\"https:\\\/\\\/www.natura.museum\\\/de\\\/#website\"},\"datePublished\":\"2019-08-26T07:46:46+00:00\",\"dateModified\":\"2024-01-15T13:41:38+00:00\",\"description\":\"Die Bibliothek, die Sammlungsr\u00e4ume, die Werkstatt, das Labor und das Pr\u00e4paratorium des Naturmuseum S\u00fcdtirol.\",\"breadcrumb\":{\"@id\":\"https:\\\/\\\/www.natura.museum\\\/de\\\/forschung\\\/infrastruktur\\\/#breadcrumb\"},\"inLanguage\":\"de\",\"potentialAction\":[{\"@type\":\"ReadAction\",\"target\":[\"https:\\\/\\\/www.natura.museum\\\/de\\\/forschung\\\/infrastruktur\\\/\"]}]},{\"@type\":\"BreadcrumbList\",\"@id\":\"https:\\\/\\\/www.natura.museum\\\/de\\\/forschung\\\/infrastruktur\\\/#breadcrumb\",\"itemListElement\":[{\"@type\":\"ListItem\",\"position\":1,\"name\":\"Home\",\"item\":\"https:\\\/\\\/www.natura.museum\\\/de\\\/\"},{\"@type\":\"ListItem\",\"position\":2,\"name\":\"Forschen &#038; Sammeln\",\"item\":\"https:\\\/\\\/www.natura.museum\\\/de\\\/forschung\\\/\"},{\"@type\":\"ListItem\",\"position\":3,\"name\":\"Infrastruktur\"}]},{\"@type\":\"WebSite\",\"@id\":\"https:\\\/\\\/www.natura.museum\\\/de\\\/#website\",\"url\":\"https:\\\/\\\/www.natura.museum\\\/de\\\/\",\"name\":\"Naturmuseum S\u00fcdtirol\",\"description\":\"Naturmuseum S\u00fcdtirol\",\"potentialAction\":[{\"@type\":\"SearchAction\",\"target\":{\"@type\":\"EntryPoint\",\"urlTemplate\":\"https:\\\/\\\/www.natura.museum\\\/de\\\/?s={search_term_string}\"},\"query-input\":{\"@type\":\"PropertyValueSpecification\",\"valueRequired\":true,\"valueName\":\"search_term_string\"}}],\"inLanguage\":\"de\"}]}<\/script>\n<!-- \/ Yoast SEO plugin. -->","yoast_head_json":{"title":"Infrastruktur - Naturmuseum S\u00fcdtirol","description":"Die Bibliothek, die Sammlungsr\u00e4ume, die Werkstatt, das Labor und das Pr\u00e4paratorium des Naturmuseum S\u00fcdtirol.","robots":{"index":"index","follow":"follow","max-snippet":"max-snippet:-1","max-image-preview":"max-image-preview:large","max-video-preview":"max-video-preview:-1"},"canonical":"https:\/\/www.natura.museum\/de\/forschung\/infrastruktur\/","og_locale":"de_DE","og_type":"article","og_title":"Infrastruktur - Naturmuseum S\u00fcdtirol","og_description":"Die Bibliothek, die Sammlungsr\u00e4ume, die Werkstatt, das Labor und das Pr\u00e4paratorium des Naturmuseum S\u00fcdtirol.","og_url":"https:\/\/www.natura.museum\/de\/forschung\/infrastruktur\/","og_site_name":"Naturmuseum S\u00fcdtirol","article_modified_time":"2024-01-15T13:41:38+00:00","twitter_card":"summary_large_image","schema":{"@context":"https:\/\/schema.org","@graph":[{"@type":"WebPage","@id":"https:\/\/www.natura.museum\/de\/forschung\/infrastruktur\/","url":"https:\/\/www.natura.museum\/de\/forschung\/infrastruktur\/","name":"Infrastruktur - Naturmuseum S\u00fcdtirol","isPartOf":{"@id":"https:\/\/www.natura.museum\/de\/#website"},"datePublished":"2019-08-26T07:46:46+00:00","dateModified":"2024-01-15T13:41:38+00:00","description":"Die Bibliothek, die Sammlungsr\u00e4ume, die Werkstatt, das Labor und das Pr\u00e4paratorium des Naturmuseum S\u00fcdtirol.","breadcrumb":{"@id":"https:\/\/www.natura.museum\/de\/forschung\/infrastruktur\/#breadcrumb"},"inLanguage":"de","potentialAction":[{"@type":"ReadAction","target":["https:\/\/www.natura.museum\/de\/forschung\/infrastruktur\/"]}]},{"@type":"BreadcrumbList","@id":"https:\/\/www.natura.museum\/de\/forschung\/infrastruktur\/#breadcrumb","itemListElement":[{"@type":"ListItem","position":1,"name":"Home","item":"https:\/\/www.natura.museum\/de\/"},{"@type":"ListItem","position":2,"name":"Forschen &#038; Sammeln","item":"https:\/\/www.natura.museum\/de\/forschung\/"},{"@type":"ListItem","position":3,"name":"Infrastruktur"}]},{"@type":"WebSite","@id":"https:\/\/www.natura.museum\/de\/#website","url":"https:\/\/www.natura.museum\/de\/","name":"Naturmuseum S\u00fcdtirol","description":"Naturmuseum S\u00fcdtirol","potentialAction":[{"@type":"SearchAction","target":{"@type":"EntryPoint","urlTemplate":"https:\/\/www.natura.museum\/de\/?s={search_term_string}"},"query-input":{"@type":"PropertyValueSpecification","valueRequired":true,"valueName":"search_term_string"}}],"inLanguage":"de"}]}},"_links":{"self":[{"href":"https:\/\/www.natura.museum\/de\/wp-json\/wp\/v2\/pages\/209","targetHints":{"allow":["GET"]}}],"collection":[{"href":"https:\/\/www.natura.museum\/de\/wp-json\/wp\/v2\/pages"}],"about":[{"href":"https:\/\/www.natura.museum\/de\/wp-json\/wp\/v2\/types\/page"}],"author":[{"embeddable":true,"href":"https:\/\/www.natura.museum\/de\/wp-json\/wp\/v2\/users\/1"}],"replies":[{"embeddable":true,"href":"https:\/\/www.natura.museum\/de\/wp-json\/wp\/v2\/comments?post=209"}],"version-history":[{"count":37,"href":"https:\/\/www.natura.museum\/de\/wp-json\/wp\/v2\/pages\/209\/revisions"}],"predecessor-version":[{"id":29069,"href":"https:\/\/www.natura.museum\/de\/wp-json\/wp\/v2\/pages\/209\/revisions\/29069"}],"up":[{"embeddable":true,"href":"https:\/\/www.natura.museum\/de\/wp-json\/wp\/v2\/pages\/14"}],"wp:attachment":[{"href":"https:\/\/www.natura.museum\/de\/wp-json\/wp\/v2\/media?parent=209"}],"curies":[{"name":"wp","href":"https:\/\/api.w.org\/{rel}","templated":true}]}}